{"id":18,"date":"2025-02-15T17:34:52","date_gmt":"2025-02-15T18:34:52","guid":{"rendered":"https:\/\/fejleszto-tolna.hu\/?page_id=18"},"modified":"2025-09-21T19:40:10","modified_gmt":"2025-09-21T20:40:10","slug":"fooldal","status":"publish","type":"page","link":"https:\/\/fejleszto-tolna.hu\/","title":{"rendered":"F\u0151oldal"},"content":{"rendered":"\t\t<div data-elementor-type=\"wp-page\" data-elementor-id=\"18\" class=\"elementor elementor-18\">\n\t\t\t\t<div class=\"elementor-element elementor-element-6691e75 e-flex e-con-boxed e-con e-parent\" data-id=\"6691e75\" data-element_type=\"container\">\n\t\t\t\t\t<div class=\"e-con-inner\">\n\t\t<div class=\"elementor-element elementor-element-9bd29da e-con-full e-flex e-con e-child\" data-id=\"9bd29da\" data-element_type=\"container\">\n\t\t\t\t<div class=\"elementor-element elementor-element-2bdace0 elementor-widget__width-initial elementor-widget elementor-widget-image\" data-id=\"2bdace0\" data-element_type=\"widget\" data-widget_type=\"image.default\">\n\t\t\t\t<div class=\"elementor-widget-container\">\n\t\t\t\t\t\t\t\t\t\t\t\t\t\t\t<img decoding=\"async\" width=\"150\" height=\"150\" src=\"https:\/\/fejleszto-tolna.hu\/wp-content\/uploads\/2025\/02\/cropped-Logo-1nagy-150x150.jpg\" class=\"attachment-thumbnail size-thumbnail wp-image-141\" alt=\"\" srcset=\"https:\/\/fejleszto-tolna.hu\/wp-content\/uploads\/2025\/02\/cropped-Logo-1nagy-150x150.jpg 150w, https:\/\/fejleszto-tolna.hu\/wp-content\/uploads\/2025\/02\/cropped-Logo-1nagy-300x300.jpg 300w, https:\/\/fejleszto-tolna.hu\/wp-content\/uploads\/2025\/02\/cropped-Logo-1nagy-270x270.jpg 270w, https:\/\/fejleszto-tolna.hu\/wp-content\/uploads\/2025\/02\/cropped-Logo-1nagy-192x192.jpg 192w, https:\/\/fejleszto-tolna.hu\/wp-content\/uploads\/2025\/02\/cropped-Logo-1nagy-180x180.jpg 180w, https:\/\/fejleszto-tolna.hu\/wp-content\/uploads\/2025\/02\/cropped-Logo-1nagy-32x32.jpg 32w, https:\/\/fejleszto-tolna.hu\/wp-content\/uploads\/2025\/02\/cropped-Logo-1nagy.jpg 512w\" sizes=\"(max-width: 150px) 100vw, 150px\" \/>\t\t\t\t\t\t\t\t\t\t\t\t\t\t\t<\/div>\n\t\t\t\t<\/div>\n\t\t\t\t<\/div>\n\t\t<div class=\"elementor-element elementor-element-e1dd6d8 e-con-full e-flex e-con e-child\" data-id=\"e1dd6d8\" data-element_type=\"container\">\n\t\t\t\t<div class=\"elementor-element elementor-element-9325940 hfe-nav-menu__align-left hfe-submenu-icon-arrow hfe-submenu-animation-none hfe-link-redirect-child hfe-nav-menu__breakpoint-tablet elementor-widget elementor-widget-navigation-menu\" data-id=\"9325940\" data-element_type=\"widget\" data-settings=\"{&quot;padding_horizontal_menu_item&quot;:{&quot;unit&quot;:&quot;px&quot;,&quot;size&quot;:15,&quot;sizes&quot;:[]},&quot;padding_horizontal_menu_item_tablet&quot;:{&quot;unit&quot;:&quot;px&quot;,&quot;size&quot;:&quot;&quot;,&quot;sizes&quot;:[]},&quot;padding_horizontal_menu_item_mobile&quot;:{&quot;unit&quot;:&quot;px&quot;,&quot;size&quot;:&quot;&quot;,&quot;sizes&quot;:[]},&quot;padding_vertical_menu_item&quot;:{&quot;unit&quot;:&quot;px&quot;,&quot;size&quot;:15,&quot;sizes&quot;:[]},&quot;padding_vertical_menu_item_tablet&quot;:{&quot;unit&quot;:&quot;px&quot;,&quot;size&quot;:&quot;&quot;,&quot;sizes&quot;:[]},&quot;padding_vertical_menu_item_mobile&quot;:{&quot;unit&quot;:&quot;px&quot;,&quot;size&quot;:&quot;&quot;,&quot;sizes&quot;:[]},&quot;menu_space_between&quot;:{&quot;unit&quot;:&quot;px&quot;,&quot;size&quot;:&quot;&quot;,&quot;sizes&quot;:[]},&quot;menu_space_between_tablet&quot;:{&quot;unit&quot;:&quot;px&quot;,&quot;size&quot;:&quot;&quot;,&quot;sizes&quot;:[]},&quot;menu_space_between_mobile&quot;:{&quot;unit&quot;:&quot;px&quot;,&quot;size&quot;:&quot;&quot;,&quot;sizes&quot;:[]},&quot;menu_row_space&quot;:{&quot;unit&quot;:&quot;px&quot;,&quot;size&quot;:&quot;&quot;,&quot;sizes&quot;:[]},&quot;menu_row_space_tablet&quot;:{&quot;unit&quot;:&quot;px&quot;,&quot;size&quot;:&quot;&quot;,&quot;sizes&quot;:[]},&quot;menu_row_space_mobile&quot;:{&quot;unit&quot;:&quot;px&quot;,&quot;size&quot;:&quot;&quot;,&quot;sizes&quot;:[]},&quot;dropdown_border_radius&quot;:{&quot;unit&quot;:&quot;px&quot;,&quot;top&quot;:&quot;&quot;,&quot;right&quot;:&quot;&quot;,&quot;bottom&quot;:&quot;&quot;,&quot;left&quot;:&quot;&quot;,&quot;isLinked&quot;:true},&quot;dropdown_border_radius_tablet&quot;:{&quot;unit&quot;:&quot;px&quot;,&quot;top&quot;:&quot;&quot;,&quot;right&quot;:&quot;&quot;,&quot;bottom&quot;:&quot;&quot;,&quot;left&quot;:&quot;&quot;,&quot;isLinked&quot;:true},&quot;dropdown_border_radius_mobile&quot;:{&quot;unit&quot;:&quot;px&quot;,&quot;top&quot;:&quot;&quot;,&quot;right&quot;:&quot;&quot;,&quot;bottom&quot;:&quot;&quot;,&quot;left&quot;:&quot;&quot;,&quot;isLinked&quot;:true},&quot;width_dropdown_item&quot;:{&quot;unit&quot;:&quot;px&quot;,&quot;size&quot;:&quot;220&quot;,&quot;sizes&quot;:[]},&quot;width_dropdown_item_tablet&quot;:{&quot;unit&quot;:&quot;px&quot;,&quot;size&quot;:&quot;&quot;,&quot;sizes&quot;:[]},&quot;width_dropdown_item_mobile&quot;:{&quot;unit&quot;:&quot;px&quot;,&quot;size&quot;:&quot;&quot;,&quot;sizes&quot;:[]},&quot;padding_horizontal_dropdown_item&quot;:{&quot;unit&quot;:&quot;px&quot;,&quot;size&quot;:&quot;&quot;,&quot;sizes&quot;:[]},&quot;padding_horizontal_dropdown_item_tablet&quot;:{&quot;unit&quot;:&quot;px&quot;,&quot;size&quot;:&quot;&quot;,&quot;sizes&quot;:[]},&quot;padding_horizontal_dropdown_item_mobile&quot;:{&quot;unit&quot;:&quot;px&quot;,&quot;size&quot;:&quot;&quot;,&quot;sizes&quot;:[]},&quot;padding_vertical_dropdown_item&quot;:{&quot;unit&quot;:&quot;px&quot;,&quot;size&quot;:15,&quot;sizes&quot;:[]},&quot;padding_vertical_dropdown_item_tablet&quot;:{&quot;unit&quot;:&quot;px&quot;,&quot;size&quot;:&quot;&quot;,&quot;sizes&quot;:[]},&quot;padding_vertical_dropdown_item_mobile&quot;:{&quot;unit&quot;:&quot;px&quot;,&quot;size&quot;:&quot;&quot;,&quot;sizes&quot;:[]},&quot;distance_from_menu&quot;:{&quot;unit&quot;:&quot;px&quot;,&quot;size&quot;:&quot;&quot;,&quot;sizes&quot;:[]},&quot;distance_from_menu_tablet&quot;:{&quot;unit&quot;:&quot;px&quot;,&quot;size&quot;:&quot;&quot;,&quot;sizes&quot;:[]},&quot;distance_from_menu_mobile&quot;:{&quot;unit&quot;:&quot;px&quot;,&quot;size&quot;:&quot;&quot;,&quot;sizes&quot;:[]},&quot;toggle_size&quot;:{&quot;unit&quot;:&quot;px&quot;,&quot;size&quot;:&quot;&quot;,&quot;sizes&quot;:[]},&quot;toggle_size_tablet&quot;:{&quot;unit&quot;:&quot;px&quot;,&quot;size&quot;:&quot;&quot;,&quot;sizes&quot;:[]},&quot;toggle_size_mobile&quot;:{&quot;unit&quot;:&quot;px&quot;,&quot;size&quot;:&quot;&quot;,&quot;sizes&quot;:[]},&quot;toggle_border_width&quot;:{&quot;unit&quot;:&quot;px&quot;,&quot;size&quot;:&quot;&quot;,&quot;sizes&quot;:[]},&quot;toggle_border_width_tablet&quot;:{&quot;unit&quot;:&quot;px&quot;,&quot;size&quot;:&quot;&quot;,&quot;sizes&quot;:[]},&quot;toggle_border_width_mobile&quot;:{&quot;unit&quot;:&quot;px&quot;,&quot;size&quot;:&quot;&quot;,&quot;sizes&quot;:[]},&quot;toggle_border_radius&quot;:{&quot;unit&quot;:&quot;px&quot;,&quot;size&quot;:&quot;&quot;,&quot;sizes&quot;:[]},&quot;toggle_border_radius_tablet&quot;:{&quot;unit&quot;:&quot;px&quot;,&quot;size&quot;:&quot;&quot;,&quot;sizes&quot;:[]},&quot;toggle_border_radius_mobile&quot;:{&quot;unit&quot;:&quot;px&quot;,&quot;size&quot;:&quot;&quot;,&quot;sizes&quot;:[]}}\" data-widget_type=\"navigation-menu.default\">\n\t\t\t\t<div class=\"elementor-widget-container\">\n\t\t\t\t\t\t\t\t<div class=\"hfe-nav-menu hfe-layout-horizontal hfe-nav-menu-layout horizontal hfe-pointer__none\" data-layout=\"horizontal\">\n\t\t\t\t<div role=\"button\" class=\"hfe-nav-menu__toggle elementor-clickable\">\n\t\t\t\t\t<span class=\"screen-reader-text\">Menu<\/span>\n\t\t\t\t\t<div class=\"hfe-nav-menu-icon\">\n\t\t\t\t\t\t<svg aria-hidden=\"true\"  class=\"e-font-icon-svg e-fas-align-justify\" viewBox=\"0 0 448 512\" xmlns=\"http:\/\/www.w3.org\/2000\/svg\"><path d=\"M432 416H16a16 16 0 0 0-16 16v32a16 16 0 0 0 16 16h416a16 16 0 0 0 16-16v-32a16 16 0 0 0-16-16zm0-128H16a16 16 0 0 0-16 16v32a16 16 0 0 0 16 16h416a16 16 0 0 0 16-16v-32a16 16 0 0 0-16-16zm0-128H16a16 16 0 0 0-16 16v32a16 16 0 0 0 16 16h416a16 16 0 0 0 16-16v-32a16 16 0 0 0-16-16zm0-128H16A16 16 0 0 0 0 48v32a16 16 0 0 0 16 16h416a16 16 0 0 0 16-16V48a16 16 0 0 0-16-16z\"><\/path><\/svg>\t\t\t\t\t<\/div>\n\t\t\t\t<\/div>\n\t\t\t\t<nav class=\"hfe-nav-menu__layout-horizontal hfe-nav-menu__submenu-arrow\" data-toggle-icon=\"&lt;svg aria-hidden=&quot;true&quot; tabindex=&quot;0&quot; class=&quot;e-font-icon-svg e-fas-align-justify&quot; viewBox=&quot;0 0 448 512&quot; xmlns=&quot;http:\/\/www.w3.org\/2000\/svg&quot;&gt;&lt;path d=&quot;M432 416H16a16 16 0 0 0-16 16v32a16 16 0 0 0 16 16h416a16 16 0 0 0 16-16v-32a16 16 0 0 0-16-16zm0-128H16a16 16 0 0 0-16 16v32a16 16 0 0 0 16 16h416a16 16 0 0 0 16-16v-32a16 16 0 0 0-16-16zm0-128H16a16 16 0 0 0-16 16v32a16 16 0 0 0 16 16h416a16 16 0 0 0 16-16v-32a16 16 0 0 0-16-16zm0-128H16A16 16 0 0 0 0 48v32a16 16 0 0 0 16 16h416a16 16 0 0 0 16-16V48a16 16 0 0 0-16-16z&quot;&gt;&lt;\/path&gt;&lt;\/svg&gt;\" data-close-icon=\"&lt;svg aria-hidden=&quot;true&quot; tabindex=&quot;0&quot; class=&quot;e-font-icon-svg e-far-window-close&quot; viewBox=&quot;0 0 512 512&quot; xmlns=&quot;http:\/\/www.w3.org\/2000\/svg&quot;&gt;&lt;path d=&quot;M464 32H48C21.5 32 0 53.5 0 80v352c0 26.5 21.5 48 48 48h416c26.5 0 48-21.5 48-48V80c0-26.5-21.5-48-48-48zm0 394c0 3.3-2.7 6-6 6H54c-3.3 0-6-2.7-6-6V86c0-3.3 2.7-6 6-6h404c3.3 0 6 2.7 6 6v340zM356.5 194.6L295.1 256l61.4 61.4c4.6 4.6 4.6 12.1 0 16.8l-22.3 22.3c-4.6 4.6-12.1 4.6-16.8 0L256 295.1l-61.4 61.4c-4.6 4.6-12.1 4.6-16.8 0l-22.3-22.3c-4.6-4.6-4.6-12.1 0-16.8l61.4-61.4-61.4-61.4c-4.6-4.6-4.6-12.1 0-16.8l22.3-22.3c4.6-4.6 12.1-4.6 16.8 0l61.4 61.4 61.4-61.4c4.6-4.6 12.1-4.6 16.8 0l22.3 22.3c4.7 4.6 4.7 12.1 0 16.8z&quot;&gt;&lt;\/path&gt;&lt;\/svg&gt;\" data-full-width=\"yes\">\n\t\t\t\t\t<ul id=\"menu-1-9325940\" class=\"hfe-nav-menu\"><li id=\"menu-item-142\" class=\"menu-item menu-item-type-post_type menu-item-object-page menu-item-home parent hfe-creative-menu\"><a href=\"https:\/\/fejleszto-tolna.hu\/\" class = \"hfe-menu-item\">F\u0151oldal<\/a><\/li>\n<li id=\"menu-item-180\" class=\"menu-item menu-item-type-post_type menu-item-object-page parent hfe-creative-menu\"><a href=\"https:\/\/fejleszto-tolna.hu\/?page_id=164\" class = \"hfe-menu-item\">Bemutatkoz\u00e1s<\/a><\/li>\n<li id=\"menu-item-269\" class=\"menu-item menu-item-type-post_type menu-item-object-page parent hfe-creative-menu\"><a href=\"https:\/\/fejleszto-tolna.hu\/?page_id=264\" class = \"hfe-menu-item\">Ment\u00e1lhigi\u00e9n\u00e9s tan\u00e1csad\u00e1s<\/a><\/li>\n<li id=\"menu-item-322\" class=\"menu-item menu-item-type-post_type menu-item-object-page parent hfe-creative-menu\"><a href=\"https:\/\/fejleszto-tolna.hu\/?page_id=288\" class = \"hfe-menu-item\">Fejleszt\u0151 foglalkoz\u00e1s<\/a><\/li>\n<li id=\"menu-item-405\" class=\"menu-item menu-item-type-post_type menu-item-object-page parent hfe-creative-menu\"><a href=\"https:\/\/fejleszto-tolna.hu\/?page_id=396\" class = \"hfe-menu-item\">El\u00e9rhet\u0151s\u00e9g\/Id\u0151pont foglal\u00e1s<\/a><\/li>\n<li id=\"menu-item-427\" class=\"menu-item menu-item-type-post_type menu-item-object-page parent hfe-creative-menu\"><a href=\"https:\/\/fejleszto-tolna.hu\/?page_id=421\" class = \"hfe-menu-item\">\u00c1rak<\/a><\/li>\n<li id=\"menu-item-677\" class=\"menu-item menu-item-type-post_type menu-item-object-page parent hfe-creative-menu\"><a href=\"https:\/\/fejleszto-tolna.hu\/?page_id=674\" class = \"hfe-menu-item\">Let\u00f6lthet\u0151 feladatlapok<\/a><\/li>\n<\/ul> \n\t\t\t\t<\/nav>\n\t\t\t<\/div>\n\t\t\t\t\t\t\t<\/div>\n\t\t\t\t<\/div>\n\t\t\t\t<\/div>\n\t\t\t\t\t<\/div>\n\t\t\t\t<\/div>\n\t\t<div class=\"elementor-element elementor-element-ac50762 e-flex e-con-boxed e-con e-parent\" data-id=\"ac50762\" data-element_type=\"container\" data-settings=\"{&quot;background_background&quot;:&quot;classic&quot;}\">\n\t\t\t\t\t<div class=\"e-con-inner\">\n\t\t<div class=\"elementor-element elementor-element-3e8cfd7 e-con-full e-flex e-con e-child\" data-id=\"3e8cfd7\" data-element_type=\"container\">\n\t\t\t\t<div class=\"elementor-element elementor-element-6a60426 elementor-widget elementor-widget-text-editor\" data-id=\"6a60426\" data-element_type=\"widget\" data-widget_type=\"text-editor.default\">\n\t\t\t\t<div class=\"elementor-widget-container\">\n\t\t\t\t\t\t\t\t\t<p><strong>\u00a0 \u00a0<\/strong><strong style=\"color: var( --e-global-color-83d6416 );\">Kaleidoszk\u00f3p<\/strong><\/p><p><strong>\u00a0<\/strong><\/p><p><i>Ment\u00e1lhigi\u00e9n\u00e9s tan\u00e1csad\u00e1s kamaszoknak<\/i><\/p>\t\t\t\t\t\t\t\t<\/div>\n\t\t\t\t<\/div>\n\t\t\t\t<\/div>\n\t\t<div class=\"elementor-element elementor-element-2d14fde e-con-full e-flex e-con e-child\" data-id=\"2d14fde\" data-element_type=\"container\" data-settings=\"{&quot;background_background&quot;:&quot;classic&quot;}\">\n\t\t\t\t<div class=\"elementor-element elementor-element-0a83d5a elementor-widget__width-initial elementor-widget elementor-widget-text-editor\" data-id=\"0a83d5a\" data-element_type=\"widget\" data-widget_type=\"text-editor.default\">\n\t\t\t\t<div class=\"elementor-widget-container\">\n\t\t\t\t\t\t\t\t\t<p><b>Fejleszt\u0151 \u00e9s Ment\u00e1lhigi\u00e9n\u00e9s M\u0171hely<br>Tolna<\/b><\/p>\n<p><em>Fejleszt\u0151, rehabilit\u00e1ci\u00f3s<\/em><\/p><p><em>foglalkoz\u00e1sok&nbsp;<\/em><\/p>\t\t\t\t\t\t\t\t<\/div>\n\t\t\t\t<\/div>\n\t\t\t\t<\/div>\n\t\t\t\t\t<\/div>\n\t\t\t\t<\/div>\n\t\t<div class=\"elementor-element elementor-element-60688a4 e-flex e-con-boxed e-con e-parent\" data-id=\"60688a4\" data-element_type=\"container\">\n\t\t\t\t\t<div class=\"e-con-inner\">\n\t\t<div class=\"elementor-element elementor-element-6fb7b7f e-con-full e-flex e-con e-child\" data-id=\"6fb7b7f\" data-element_type=\"container\">\n\t\t\t\t<div class=\"elementor-element elementor-element-2b51d7d elementor-widget elementor-widget-text-editor\" data-id=\"2b51d7d\" data-element_type=\"widget\" data-widget_type=\"text-editor.default\">\n\t\t\t\t<div class=\"elementor-widget-container\">\n\t\t\t\t\t\t\t\t\t<p>A ment\u00e1lhigi\u00e9n\u00e9 egyfajta pszichol\u00f3giai prevenci\u00f3. A ment\u00e1lhigi\u00e9n\u00e9s szakember a mindennapi \u00e9letvezet\u00e9shez sz\u00fcks\u00e9ges lelki egyens\u00faly megtart\u00e1s\u00e1ban, kialak\u00edt\u00e1s\u00e1ban vagy helyre\u00e1ll\u00edt\u00e1s\u00e1ban seg\u00edt.\u00a0 Lelki probl\u00e9m\u00e1i, kr\u00edzisei, elakad\u00e1sai b\u00e1rkinek lehetnek. Ha ezeket nem tudja feldolgozni vagy\u00a0 kezelni, \u00e9s nem k\u00e9r seg\u00edts\u00e9get, azok testi t\u00fcnetk\u00e9nt is jelentkezhetnek.\u00a0<\/p><p>Pszichopedag\u00f3gusk\u00e9nt gyakran tal\u00e1lkozom \u00e9rzelmi-, viselked\u00e9s vagy beilleszked\u00e9si probl\u00e9m\u00e1val k\u00fczd\u0151 gyerekekkel is. Seg\u00edts\u00e9g n\u00e9lk\u00fcl \u0151k is megrekedhetnek, ami a tov\u00e1bbi fejl\u0151d\u00e9s\u00fckre, iskolai teljes\u00edtm\u00e9ny\u00fckre is kihathat. Nem mindegy, mit kezd\u00fcnk f\u00e9lelmeinkkel! Hagyjuk, hogy megb\u00e9n\u00edtsanak benn\u00fcnket, legy\u0151zz\u00fck \u0151ket, vagy megtanulunk egy\u00fctt \u00e9lni vel\u00fck.\u00a0 T\u00f6rekedj\u00fcnk a lelki rugalmass\u00e1gra! Amennyiben seg\u00edts\u00e9get tudok ny\u00fajtani, k\u00e9rem, keressen bizalommal!<\/p><p>Kappeln\u00e9 Szab\u00f3 Betti<\/p>\t\t\t\t\t\t\t\t<\/div>\n\t\t\t\t<\/div>\n\t\t\t\t<\/div>\n\t\t\t\t\t<\/div>\n\t\t\t\t<\/div>\n\t\t\t\t<\/div>\n\t\t","protected":false},"excerpt":{"rendered":"<p>Menu F\u0151oldal Bemutatkoz\u00e1s Ment\u00e1lhigi\u00e9n\u00e9s tan\u00e1csad\u00e1s Fejleszt\u0151 foglalkoz\u00e1s El\u00e9rhet\u0151s\u00e9g\/Id\u0151pont foglal\u00e1s \u00c1rak \u00a0 \u00a0Kaleidoszk\u00f3p \u00a0 Ment\u00e1lhigi\u00e9n\u00e9s tan\u00e1csad\u00e1s kamaszoknak Fejleszt\u0151 \u00e9s Ment\u00e1lhigi\u00e9n\u00e9s M\u0171helyTolna Fejleszt\u0151, rehabilit\u00e1ci\u00f3s foglalkoz\u00e1sok&nbsp; A ment\u00e1lhigi\u00e9n\u00e9 egyfajta pszichol\u00f3giai prevenci\u00f3. A ment\u00e1lhigi\u00e9n\u00e9s szakember a mindennapi \u00e9letvezet\u00e9shez sz\u00fcks\u00e9ges lelki egyens\u00faly megtart\u00e1s\u00e1ban, kialak\u00edt\u00e1s\u00e1ban vagy helyre\u00e1ll\u00edt\u00e1s\u00e1ban seg\u00edt.\u00a0 Lelki probl\u00e9m\u00e1i, kr\u00edzisei, elakad\u00e1sai b\u00e1rkinek lehetnek. Ha ezeket nem tudja feldolgozni vagy\u00a0 kezelni, [&hellip;]<\/p>\n","protected":false},"author":1,"featured_media":0,"parent":0,"menu_order":0,"comment_status":"closed","ping_status":"closed","template":"elementor_canvas","meta":{"_siteseo_robots_primary_cat":"","pagelayer_contact_templates":[],"_pagelayer_content":"","_monsterinsights_skip_tracking":false,"_monsterinsights_sitenote_active":false,"_monsterinsights_sitenote_note":"","_monsterinsights_sitenote_category":0,"footnotes":""},"class_list":["post-18","page","type-page","status-publish","hentry"],"yoast_head":"<!-- This site is optimized with the Yoast SEO plugin v24.0 - https:\/\/yoast.com\/wordpress\/plugins\/seo\/ -->\n<title>F\u0151oldal - fejleszto-tolna<\/title>\n<meta name=\"robots\" content=\"index, follow, max-snippet:-1, max-image-preview:large, max-video-preview:-1\" \/>\n<link rel=\"canonical\" href=\"https:\/\/fejleszto-tolna.hu\/\" \/>\n<meta property=\"og:locale\" content=\"hu_HU\" \/>\n<meta property=\"og:type\" content=\"article\" \/>\n<meta property=\"og:title\" content=\"F\u0151oldal - fejleszto-tolna\" \/>\n<meta property=\"og:description\" content=\"Menu F\u0151oldal Bemutatkoz\u00e1s Ment\u00e1lhigi\u00e9n\u00e9s tan\u00e1csad\u00e1s Fejleszt\u0151 foglalkoz\u00e1s El\u00e9rhet\u0151s\u00e9g\/Id\u0151pont foglal\u00e1s \u00c1rak \u00a0 \u00a0Kaleidoszk\u00f3p \u00a0 Ment\u00e1lhigi\u00e9n\u00e9s tan\u00e1csad\u00e1s kamaszoknak Fejleszt\u0151 \u00e9s Ment\u00e1lhigi\u00e9n\u00e9s M\u0171helyTolna Fejleszt\u0151, rehabilit\u00e1ci\u00f3s foglalkoz\u00e1sok&nbsp; A ment\u00e1lhigi\u00e9n\u00e9 egyfajta pszichol\u00f3giai prevenci\u00f3. A ment\u00e1lhigi\u00e9n\u00e9s szakember a mindennapi \u00e9letvezet\u00e9shez sz\u00fcks\u00e9ges lelki egyens\u00faly megtart\u00e1s\u00e1ban, kialak\u00edt\u00e1s\u00e1ban vagy helyre\u00e1ll\u00edt\u00e1s\u00e1ban seg\u00edt.\u00a0 Lelki probl\u00e9m\u00e1i, kr\u00edzisei, elakad\u00e1sai b\u00e1rkinek lehetnek. Ha ezeket nem tudja feldolgozni vagy\u00a0 kezelni, [&hellip;]\" \/>\n<meta property=\"og:url\" content=\"https:\/\/fejleszto-tolna.hu\/\" \/>\n<meta property=\"og:site_name\" content=\"fejleszto-tolna\" \/>\n<meta property=\"article:modified_time\" content=\"2025-09-21T20:40:10+00:00\" \/>\n<meta property=\"og:image\" content=\"https:\/\/fejleszto-tolna.hu\/wp-content\/uploads\/2025\/02\/cropped-Logo-1nagy.jpg\" \/>\n\t<meta property=\"og:image:width\" content=\"512\" \/>\n\t<meta property=\"og:image:height\" content=\"512\" \/>\n\t<meta property=\"og:image:type\" content=\"image\/jpeg\" \/>\n<meta name=\"twitter:card\" content=\"summary_large_image\" \/>\n<meta name=\"twitter:label1\" content=\"Becs\u00fclt olvas\u00e1si id\u0151\" \/>\n\t<meta name=\"twitter:data1\" content=\"1 perc\" \/>\n<script type=\"application\/ld+json\" class=\"yoast-schema-graph\">{\"@context\":\"https:\/\/schema.org\",\"@graph\":[{\"@type\":\"WebPage\",\"@id\":\"https:\/\/fejleszto-tolna.hu\/\",\"url\":\"https:\/\/fejleszto-tolna.hu\/\",\"name\":\"F\u0151oldal - fejleszto-tolna\",\"isPartOf\":{\"@id\":\"https:\/\/fejleszto-tolna.hu\/#website\"},\"primaryImageOfPage\":{\"@id\":\"https:\/\/fejleszto-tolna.hu\/#primaryimage\"},\"image\":{\"@id\":\"https:\/\/fejleszto-tolna.hu\/#primaryimage\"},\"thumbnailUrl\":\"https:\/\/fejleszto-tolna.hu\/wp-content\/uploads\/2025\/02\/cropped-Logo-1nagy-150x150.jpg\",\"datePublished\":\"2025-02-15T18:34:52+00:00\",\"dateModified\":\"2025-09-21T20:40:10+00:00\",\"breadcrumb\":{\"@id\":\"https:\/\/fejleszto-tolna.hu\/#breadcrumb\"},\"inLanguage\":\"hu\",\"potentialAction\":[{\"@type\":\"ReadAction\",\"target\":[\"https:\/\/fejleszto-tolna.hu\/\"]}]},{\"@type\":\"ImageObject\",\"inLanguage\":\"hu\",\"@id\":\"https:\/\/fejleszto-tolna.hu\/#primaryimage\",\"url\":\"https:\/\/fejleszto-tolna.hu\/wp-content\/uploads\/2025\/02\/cropped-Logo-1nagy.jpg\",\"contentUrl\":\"https:\/\/fejleszto-tolna.hu\/wp-content\/uploads\/2025\/02\/cropped-Logo-1nagy.jpg\",\"width\":512,\"height\":512},{\"@type\":\"BreadcrumbList\",\"@id\":\"https:\/\/fejleszto-tolna.hu\/#breadcrumb\",\"itemListElement\":[{\"@type\":\"ListItem\",\"position\":1,\"name\":\"Home\",\"item\":\"https:\/\/fejleszto-tolna.hu\/\"},{\"@type\":\"ListItem\",\"position\":2,\"name\":\"F\u0151oldal\"}]},{\"@type\":\"WebSite\",\"@id\":\"https:\/\/fejleszto-tolna.hu\/#website\",\"url\":\"https:\/\/fejleszto-tolna.hu\/\",\"name\":\"fejleszto-tolna\",\"description\":\"fejleszto-tolna\",\"potentialAction\":[{\"@type\":\"SearchAction\",\"target\":{\"@type\":\"EntryPoint\",\"urlTemplate\":\"https:\/\/fejleszto-tolna.hu\/?s={search_term_string}\"},\"query-input\":{\"@type\":\"PropertyValueSpecification\",\"valueRequired\":true,\"valueName\":\"search_term_string\"}}],\"inLanguage\":\"hu\"}]}<\/script>\n<!-- \/ Yoast SEO plugin. -->","yoast_head_json":{"title":"F\u0151oldal - fejleszto-tolna","robots":{"index":"index","follow":"follow","max-snippet":"max-snippet:-1","max-image-preview":"max-image-preview:large","max-video-preview":"max-video-preview:-1"},"canonical":"https:\/\/fejleszto-tolna.hu\/","og_locale":"hu_HU","og_type":"article","og_title":"F\u0151oldal - fejleszto-tolna","og_description":"Menu F\u0151oldal Bemutatkoz\u00e1s Ment\u00e1lhigi\u00e9n\u00e9s tan\u00e1csad\u00e1s Fejleszt\u0151 foglalkoz\u00e1s El\u00e9rhet\u0151s\u00e9g\/Id\u0151pont foglal\u00e1s \u00c1rak \u00a0 \u00a0Kaleidoszk\u00f3p \u00a0 Ment\u00e1lhigi\u00e9n\u00e9s tan\u00e1csad\u00e1s kamaszoknak Fejleszt\u0151 \u00e9s Ment\u00e1lhigi\u00e9n\u00e9s M\u0171helyTolna Fejleszt\u0151, rehabilit\u00e1ci\u00f3s foglalkoz\u00e1sok&nbsp; A ment\u00e1lhigi\u00e9n\u00e9 egyfajta pszichol\u00f3giai prevenci\u00f3. A ment\u00e1lhigi\u00e9n\u00e9s szakember a mindennapi \u00e9letvezet\u00e9shez sz\u00fcks\u00e9ges lelki egyens\u00faly megtart\u00e1s\u00e1ban, kialak\u00edt\u00e1s\u00e1ban vagy helyre\u00e1ll\u00edt\u00e1s\u00e1ban seg\u00edt.\u00a0 Lelki probl\u00e9m\u00e1i, kr\u00edzisei, elakad\u00e1sai b\u00e1rkinek lehetnek. Ha ezeket nem tudja feldolgozni vagy\u00a0 kezelni, [&hellip;]","og_url":"https:\/\/fejleszto-tolna.hu\/","og_site_name":"fejleszto-tolna","article_modified_time":"2025-09-21T20:40:10+00:00","og_image":[{"width":512,"height":512,"url":"https:\/\/fejleszto-tolna.hu\/wp-content\/uploads\/2025\/02\/cropped-Logo-1nagy.jpg","type":"image\/jpeg"}],"twitter_card":"summary_large_image","twitter_misc":{"Becs\u00fclt olvas\u00e1si id\u0151":"1 perc"},"schema":{"@context":"https:\/\/schema.org","@graph":[{"@type":"WebPage","@id":"https:\/\/fejleszto-tolna.hu\/","url":"https:\/\/fejleszto-tolna.hu\/","name":"F\u0151oldal - fejleszto-tolna","isPartOf":{"@id":"https:\/\/fejleszto-tolna.hu\/#website"},"primaryImageOfPage":{"@id":"https:\/\/fejleszto-tolna.hu\/#primaryimage"},"image":{"@id":"https:\/\/fejleszto-tolna.hu\/#primaryimage"},"thumbnailUrl":"https:\/\/fejleszto-tolna.hu\/wp-content\/uploads\/2025\/02\/cropped-Logo-1nagy-150x150.jpg","datePublished":"2025-02-15T18:34:52+00:00","dateModified":"2025-09-21T20:40:10+00:00","breadcrumb":{"@id":"https:\/\/fejleszto-tolna.hu\/#breadcrumb"},"inLanguage":"hu","potentialAction":[{"@type":"ReadAction","target":["https:\/\/fejleszto-tolna.hu\/"]}]},{"@type":"ImageObject","inLanguage":"hu","@id":"https:\/\/fejleszto-tolna.hu\/#primaryimage","url":"https:\/\/fejleszto-tolna.hu\/wp-content\/uploads\/2025\/02\/cropped-Logo-1nagy.jpg","contentUrl":"https:\/\/fejleszto-tolna.hu\/wp-content\/uploads\/2025\/02\/cropped-Logo-1nagy.jpg","width":512,"height":512},{"@type":"BreadcrumbList","@id":"https:\/\/fejleszto-tolna.hu\/#breadcrumb","itemListElement":[{"@type":"ListItem","position":1,"name":"Home","item":"https:\/\/fejleszto-tolna.hu\/"},{"@type":"ListItem","position":2,"name":"F\u0151oldal"}]},{"@type":"WebSite","@id":"https:\/\/fejleszto-tolna.hu\/#website","url":"https:\/\/fejleszto-tolna.hu\/","name":"fejleszto-tolna","description":"fejleszto-tolna","potentialAction":[{"@type":"SearchAction","target":{"@type":"EntryPoint","urlTemplate":"https:\/\/fejleszto-tolna.hu\/?s={search_term_string}"},"query-input":{"@type":"PropertyValueSpecification","valueRequired":true,"valueName":"search_term_string"}}],"inLanguage":"hu"}]}},"_links":{"self":[{"href":"https:\/\/fejleszto-tolna.hu\/index.php?rest_route=\/wp\/v2\/pages\/18","targetHints":{"allow":["GET"]}}],"collection":[{"href":"https:\/\/fejleszto-tolna.hu\/index.php?rest_route=\/wp\/v2\/pages"}],"about":[{"href":"https:\/\/fejleszto-tolna.hu\/index.php?rest_route=\/wp\/v2\/types\/page"}],"author":[{"embeddable":true,"href":"https:\/\/fejleszto-tolna.hu\/index.php?rest_route=\/wp\/v2\/users\/1"}],"replies":[{"embeddable":true,"href":"https:\/\/fejleszto-tolna.hu\/index.php?rest_route=%2Fwp%2Fv2%2Fcomments&post=18"}],"version-history":[{"count":160,"href":"https:\/\/fejleszto-tolna.hu\/index.php?rest_route=\/wp\/v2\/pages\/18\/revisions"}],"predecessor-version":[{"id":666,"href":"https:\/\/fejleszto-tolna.hu\/index.php?rest_route=\/wp\/v2\/pages\/18\/revisions\/666"}],"wp:attachment":[{"href":"https:\/\/fejleszto-tolna.hu\/index.php?rest_route=%2Fwp%2Fv2%2Fmedia&parent=18"}],"curies":[{"name":"wp","href":"https:\/\/api.w.org\/{rel}","templated":true}]}}