{"id":264,"date":"2025-02-19T14:05:50","date_gmt":"2025-02-19T15:05:50","guid":{"rendered":"https:\/\/fejleszto-tolna.hu\/?page_id=264"},"modified":"2025-02-22T15:20:54","modified_gmt":"2025-02-22T16:20:54","slug":"mentalhigieniai-tanacsadas","status":"publish","type":"page","link":"https:\/\/fejleszto-tolna.hu\/?page_id=264","title":{"rendered":"Ment\u00e1lhigi\u00e9n\u00e9s tan\u00e1csad\u00e1s"},"content":{"rendered":"\t\t<div data-elementor-type=\"wp-page\" data-elementor-id=\"264\" class=\"elementor elementor-264\">\n\t\t\t\t<div class=\"elementor-element elementor-element-af2ffde e-flex e-con-boxed e-con e-parent\" data-id=\"af2ffde\" data-element_type=\"container\">\n\t\t\t\t\t<div class=\"e-con-inner\">\n\t\t<div class=\"elementor-element elementor-element-df3706a e-con-full e-flex e-con e-child\" data-id=\"df3706a\" data-element_type=\"container\">\n\t\t\t\t<div class=\"elementor-element elementor-element-0d1a5af elementor-widget__width-initial elementor-widget elementor-widget-image\" data-id=\"0d1a5af\" data-element_type=\"widget\" data-widget_type=\"image.default\">\n\t\t\t\t<div class=\"elementor-widget-container\">\n\t\t\t\t\t\t\t\t\t\t\t\t\t\t\t<img decoding=\"async\" width=\"150\" height=\"150\" src=\"https:\/\/fejleszto-tolna.hu\/wp-content\/uploads\/2025\/02\/cropped-Logo-1nagy-150x150.jpg\" class=\"attachment-thumbnail size-thumbnail wp-image-141\" alt=\"\" srcset=\"https:\/\/fejleszto-tolna.hu\/wp-content\/uploads\/2025\/02\/cropped-Logo-1nagy-150x150.jpg 150w, https:\/\/fejleszto-tolna.hu\/wp-content\/uploads\/2025\/02\/cropped-Logo-1nagy-300x300.jpg 300w, https:\/\/fejleszto-tolna.hu\/wp-content\/uploads\/2025\/02\/cropped-Logo-1nagy-270x270.jpg 270w, https:\/\/fejleszto-tolna.hu\/wp-content\/uploads\/2025\/02\/cropped-Logo-1nagy-192x192.jpg 192w, https:\/\/fejleszto-tolna.hu\/wp-content\/uploads\/2025\/02\/cropped-Logo-1nagy-180x180.jpg 180w, https:\/\/fejleszto-tolna.hu\/wp-content\/uploads\/2025\/02\/cropped-Logo-1nagy-32x32.jpg 32w, https:\/\/fejleszto-tolna.hu\/wp-content\/uploads\/2025\/02\/cropped-Logo-1nagy.jpg 512w\" sizes=\"(max-width: 150px) 100vw, 150px\" \/>\t\t\t\t\t\t\t\t\t\t\t\t\t\t\t<\/div>\n\t\t\t\t<\/div>\n\t\t\t\t<\/div>\n\t\t<div class=\"elementor-element elementor-element-11e7018 e-con-full e-flex e-con e-child\" data-id=\"11e7018\" data-element_type=\"container\">\n\t\t\t\t<div class=\"elementor-element elementor-element-cecf59a hfe-nav-menu__align-left hfe-submenu-icon-arrow hfe-submenu-animation-none hfe-link-redirect-child hfe-nav-menu__breakpoint-tablet elementor-widget elementor-widget-navigation-menu\" data-id=\"cecf59a\" data-element_type=\"widget\" data-settings=\"{&quot;padding_horizontal_menu_item&quot;:{&quot;unit&quot;:&quot;px&quot;,&quot;size&quot;:15,&quot;sizes&quot;:[]},&quot;padding_horizontal_menu_item_tablet&quot;:{&quot;unit&quot;:&quot;px&quot;,&quot;size&quot;:&quot;&quot;,&quot;sizes&quot;:[]},&quot;padding_horizontal_menu_item_mobile&quot;:{&quot;unit&quot;:&quot;px&quot;,&quot;size&quot;:&quot;&quot;,&quot;sizes&quot;:[]},&quot;padding_vertical_menu_item&quot;:{&quot;unit&quot;:&quot;px&quot;,&quot;size&quot;:15,&quot;sizes&quot;:[]},&quot;padding_vertical_menu_item_tablet&quot;:{&quot;unit&quot;:&quot;px&quot;,&quot;size&quot;:&quot;&quot;,&quot;sizes&quot;:[]},&quot;padding_vertical_menu_item_mobile&quot;:{&quot;unit&quot;:&quot;px&quot;,&quot;size&quot;:&quot;&quot;,&quot;sizes&quot;:[]},&quot;menu_space_between&quot;:{&quot;unit&quot;:&quot;px&quot;,&quot;size&quot;:&quot;&quot;,&quot;sizes&quot;:[]},&quot;menu_space_between_tablet&quot;:{&quot;unit&quot;:&quot;px&quot;,&quot;size&quot;:&quot;&quot;,&quot;sizes&quot;:[]},&quot;menu_space_between_mobile&quot;:{&quot;unit&quot;:&quot;px&quot;,&quot;size&quot;:&quot;&quot;,&quot;sizes&quot;:[]},&quot;menu_row_space&quot;:{&quot;unit&quot;:&quot;px&quot;,&quot;size&quot;:&quot;&quot;,&quot;sizes&quot;:[]},&quot;menu_row_space_tablet&quot;:{&quot;unit&quot;:&quot;px&quot;,&quot;size&quot;:&quot;&quot;,&quot;sizes&quot;:[]},&quot;menu_row_space_mobile&quot;:{&quot;unit&quot;:&quot;px&quot;,&quot;size&quot;:&quot;&quot;,&quot;sizes&quot;:[]},&quot;dropdown_border_radius&quot;:{&quot;unit&quot;:&quot;px&quot;,&quot;top&quot;:&quot;&quot;,&quot;right&quot;:&quot;&quot;,&quot;bottom&quot;:&quot;&quot;,&quot;left&quot;:&quot;&quot;,&quot;isLinked&quot;:true},&quot;dropdown_border_radius_tablet&quot;:{&quot;unit&quot;:&quot;px&quot;,&quot;top&quot;:&quot;&quot;,&quot;right&quot;:&quot;&quot;,&quot;bottom&quot;:&quot;&quot;,&quot;left&quot;:&quot;&quot;,&quot;isLinked&quot;:true},&quot;dropdown_border_radius_mobile&quot;:{&quot;unit&quot;:&quot;px&quot;,&quot;top&quot;:&quot;&quot;,&quot;right&quot;:&quot;&quot;,&quot;bottom&quot;:&quot;&quot;,&quot;left&quot;:&quot;&quot;,&quot;isLinked&quot;:true},&quot;width_dropdown_item&quot;:{&quot;unit&quot;:&quot;px&quot;,&quot;size&quot;:&quot;220&quot;,&quot;sizes&quot;:[]},&quot;width_dropdown_item_tablet&quot;:{&quot;unit&quot;:&quot;px&quot;,&quot;size&quot;:&quot;&quot;,&quot;sizes&quot;:[]},&quot;width_dropdown_item_mobile&quot;:{&quot;unit&quot;:&quot;px&quot;,&quot;size&quot;:&quot;&quot;,&quot;sizes&quot;:[]},&quot;padding_horizontal_dropdown_item&quot;:{&quot;unit&quot;:&quot;px&quot;,&quot;size&quot;:&quot;&quot;,&quot;sizes&quot;:[]},&quot;padding_horizontal_dropdown_item_tablet&quot;:{&quot;unit&quot;:&quot;px&quot;,&quot;size&quot;:&quot;&quot;,&quot;sizes&quot;:[]},&quot;padding_horizontal_dropdown_item_mobile&quot;:{&quot;unit&quot;:&quot;px&quot;,&quot;size&quot;:&quot;&quot;,&quot;sizes&quot;:[]},&quot;padding_vertical_dropdown_item&quot;:{&quot;unit&quot;:&quot;px&quot;,&quot;size&quot;:15,&quot;sizes&quot;:[]},&quot;padding_vertical_dropdown_item_tablet&quot;:{&quot;unit&quot;:&quot;px&quot;,&quot;size&quot;:&quot;&quot;,&quot;sizes&quot;:[]},&quot;padding_vertical_dropdown_item_mobile&quot;:{&quot;unit&quot;:&quot;px&quot;,&quot;size&quot;:&quot;&quot;,&quot;sizes&quot;:[]},&quot;distance_from_menu&quot;:{&quot;unit&quot;:&quot;px&quot;,&quot;size&quot;:&quot;&quot;,&quot;sizes&quot;:[]},&quot;distance_from_menu_tablet&quot;:{&quot;unit&quot;:&quot;px&quot;,&quot;size&quot;:&quot;&quot;,&quot;sizes&quot;:[]},&quot;distance_from_menu_mobile&quot;:{&quot;unit&quot;:&quot;px&quot;,&quot;size&quot;:&quot;&quot;,&quot;sizes&quot;:[]},&quot;toggle_size&quot;:{&quot;unit&quot;:&quot;px&quot;,&quot;size&quot;:&quot;&quot;,&quot;sizes&quot;:[]},&quot;toggle_size_tablet&quot;:{&quot;unit&quot;:&quot;px&quot;,&quot;size&quot;:&quot;&quot;,&quot;sizes&quot;:[]},&quot;toggle_size_mobile&quot;:{&quot;unit&quot;:&quot;px&quot;,&quot;size&quot;:&quot;&quot;,&quot;sizes&quot;:[]},&quot;toggle_border_width&quot;:{&quot;unit&quot;:&quot;px&quot;,&quot;size&quot;:&quot;&quot;,&quot;sizes&quot;:[]},&quot;toggle_border_width_tablet&quot;:{&quot;unit&quot;:&quot;px&quot;,&quot;size&quot;:&quot;&quot;,&quot;sizes&quot;:[]},&quot;toggle_border_width_mobile&quot;:{&quot;unit&quot;:&quot;px&quot;,&quot;size&quot;:&quot;&quot;,&quot;sizes&quot;:[]},&quot;toggle_border_radius&quot;:{&quot;unit&quot;:&quot;px&quot;,&quot;size&quot;:&quot;&quot;,&quot;sizes&quot;:[]},&quot;toggle_border_radius_tablet&quot;:{&quot;unit&quot;:&quot;px&quot;,&quot;size&quot;:&quot;&quot;,&quot;sizes&quot;:[]},&quot;toggle_border_radius_mobile&quot;:{&quot;unit&quot;:&quot;px&quot;,&quot;size&quot;:&quot;&quot;,&quot;sizes&quot;:[]}}\" data-widget_type=\"navigation-menu.default\">\n\t\t\t\t<div class=\"elementor-widget-container\">\n\t\t\t\t\t\t\t\t<div class=\"hfe-nav-menu hfe-layout-horizontal hfe-nav-menu-layout horizontal hfe-pointer__none\" data-layout=\"horizontal\">\n\t\t\t\t<div role=\"button\" class=\"hfe-nav-menu__toggle elementor-clickable\">\n\t\t\t\t\t<span class=\"screen-reader-text\">Menu<\/span>\n\t\t\t\t\t<div class=\"hfe-nav-menu-icon\">\n\t\t\t\t\t\t<svg aria-hidden=\"true\"  class=\"e-font-icon-svg e-fas-align-justify\" viewBox=\"0 0 448 512\" xmlns=\"http:\/\/www.w3.org\/2000\/svg\"><path d=\"M432 416H16a16 16 0 0 0-16 16v32a16 16 0 0 0 16 16h416a16 16 0 0 0 16-16v-32a16 16 0 0 0-16-16zm0-128H16a16 16 0 0 0-16 16v32a16 16 0 0 0 16 16h416a16 16 0 0 0 16-16v-32a16 16 0 0 0-16-16zm0-128H16a16 16 0 0 0-16 16v32a16 16 0 0 0 16 16h416a16 16 0 0 0 16-16v-32a16 16 0 0 0-16-16zm0-128H16A16 16 0 0 0 0 48v32a16 16 0 0 0 16 16h416a16 16 0 0 0 16-16V48a16 16 0 0 0-16-16z\"><\/path><\/svg>\t\t\t\t\t<\/div>\n\t\t\t\t<\/div>\n\t\t\t\t<nav class=\"hfe-nav-menu__layout-horizontal hfe-nav-menu__submenu-arrow\" data-toggle-icon=\"&lt;svg aria-hidden=&quot;true&quot; tabindex=&quot;0&quot; class=&quot;e-font-icon-svg e-fas-align-justify&quot; viewBox=&quot;0 0 448 512&quot; xmlns=&quot;http:\/\/www.w3.org\/2000\/svg&quot;&gt;&lt;path d=&quot;M432 416H16a16 16 0 0 0-16 16v32a16 16 0 0 0 16 16h416a16 16 0 0 0 16-16v-32a16 16 0 0 0-16-16zm0-128H16a16 16 0 0 0-16 16v32a16 16 0 0 0 16 16h416a16 16 0 0 0 16-16v-32a16 16 0 0 0-16-16zm0-128H16a16 16 0 0 0-16 16v32a16 16 0 0 0 16 16h416a16 16 0 0 0 16-16v-32a16 16 0 0 0-16-16zm0-128H16A16 16 0 0 0 0 48v32a16 16 0 0 0 16 16h416a16 16 0 0 0 16-16V48a16 16 0 0 0-16-16z&quot;&gt;&lt;\/path&gt;&lt;\/svg&gt;\" data-close-icon=\"&lt;svg aria-hidden=&quot;true&quot; tabindex=&quot;0&quot; class=&quot;e-font-icon-svg e-far-window-close&quot; viewBox=&quot;0 0 512 512&quot; xmlns=&quot;http:\/\/www.w3.org\/2000\/svg&quot;&gt;&lt;path d=&quot;M464 32H48C21.5 32 0 53.5 0 80v352c0 26.5 21.5 48 48 48h416c26.5 0 48-21.5 48-48V80c0-26.5-21.5-48-48-48zm0 394c0 3.3-2.7 6-6 6H54c-3.3 0-6-2.7-6-6V86c0-3.3 2.7-6 6-6h404c3.3 0 6 2.7 6 6v340zM356.5 194.6L295.1 256l61.4 61.4c4.6 4.6 4.6 12.1 0 16.8l-22.3 22.3c-4.6 4.6-12.1 4.6-16.8 0L256 295.1l-61.4 61.4c-4.6 4.6-12.1 4.6-16.8 0l-22.3-22.3c-4.6-4.6-4.6-12.1 0-16.8l61.4-61.4-61.4-61.4c-4.6-4.6-4.6-12.1 0-16.8l22.3-22.3c4.6-4.6 12.1-4.6 16.8 0l61.4 61.4 61.4-61.4c4.6-4.6 12.1-4.6 16.8 0l22.3 22.3c4.7 4.6 4.7 12.1 0 16.8z&quot;&gt;&lt;\/path&gt;&lt;\/svg&gt;\" data-full-width=\"yes\">\n\t\t\t\t\t<ul id=\"menu-1-cecf59a\" class=\"hfe-nav-menu\"><li id=\"menu-item-142\" class=\"menu-item menu-item-type-post_type menu-item-object-page menu-item-home parent hfe-creative-menu\"><a href=\"https:\/\/fejleszto-tolna.hu\/\" class = \"hfe-menu-item\">F\u0151oldal<\/a><\/li>\n<li id=\"menu-item-180\" class=\"menu-item menu-item-type-post_type menu-item-object-page parent hfe-creative-menu\"><a href=\"https:\/\/fejleszto-tolna.hu\/?page_id=164\" class = \"hfe-menu-item\">Bemutatkoz\u00e1s<\/a><\/li>\n<li id=\"menu-item-269\" class=\"menu-item menu-item-type-post_type menu-item-object-page parent hfe-creative-menu\"><a href=\"https:\/\/fejleszto-tolna.hu\/?page_id=264\" class = \"hfe-menu-item\">Ment\u00e1lhigi\u00e9n\u00e9s tan\u00e1csad\u00e1s<\/a><\/li>\n<li id=\"menu-item-322\" class=\"menu-item menu-item-type-post_type menu-item-object-page parent hfe-creative-menu\"><a href=\"https:\/\/fejleszto-tolna.hu\/?page_id=288\" class = \"hfe-menu-item\">Fejleszt\u0151 foglalkoz\u00e1s<\/a><\/li>\n<li id=\"menu-item-405\" class=\"menu-item menu-item-type-post_type menu-item-object-page parent hfe-creative-menu\"><a href=\"https:\/\/fejleszto-tolna.hu\/?page_id=396\" class = \"hfe-menu-item\">El\u00e9rhet\u0151s\u00e9g\/Id\u0151pont foglal\u00e1s<\/a><\/li>\n<li id=\"menu-item-427\" class=\"menu-item menu-item-type-post_type menu-item-object-page parent hfe-creative-menu\"><a href=\"https:\/\/fejleszto-tolna.hu\/?page_id=421\" class = \"hfe-menu-item\">\u00c1rak<\/a><\/li>\n<li id=\"menu-item-677\" class=\"menu-item menu-item-type-post_type menu-item-object-page parent hfe-creative-menu\"><a href=\"https:\/\/fejleszto-tolna.hu\/?page_id=674\" class = \"hfe-menu-item\">Let\u00f6lthet\u0151 feladatlapok<\/a><\/li>\n<\/ul> \n\t\t\t\t<\/nav>\n\t\t\t<\/div>\n\t\t\t\t\t\t\t<\/div>\n\t\t\t\t<\/div>\n\t\t\t\t<\/div>\n\t\t\t\t\t<\/div>\n\t\t\t\t<\/div>\n\t\t<div class=\"elementor-element elementor-element-b7c7657 e-con-full e-flex e-con e-parent\" data-id=\"b7c7657\" data-element_type=\"container\" data-settings=\"{&quot;background_background&quot;:&quot;slideshow&quot;,&quot;background_slideshow_gallery&quot;:[{&quot;id&quot;:277,&quot;url&quot;:&quot;https:\\\/\\\/fejleszto-tolna.hu\\\/wp-content\\\/uploads\\\/2025\\\/02\\\/stones-2040340_1280-1.jpg&quot;}],&quot;background_slideshow_loop&quot;:&quot;yes&quot;,&quot;background_slideshow_slide_duration&quot;:5000,&quot;background_slideshow_slide_transition&quot;:&quot;fade&quot;,&quot;background_slideshow_transition_duration&quot;:500}\">\n\t\t\t\t<div class=\"elementor-element elementor-element-9e26ed3 elementor-widget__width-initial elementor-widget elementor-widget-heading\" data-id=\"9e26ed3\" data-element_type=\"widget\" data-widget_type=\"heading.default\">\n\t\t\t\t<div class=\"elementor-widget-container\">\n\t\t\t\t\t<h2 class=\"elementor-heading-title elementor-size-default\"><br> Ment\u00e1lhigi\u00e9n\u00e9s tan\u00e1csad\u00e1s\n                                   kamaszoknak<\/h2>\t\t\t\t<\/div>\n\t\t\t\t<\/div>\n\t\t\t\t<\/div>\n\t\t<div class=\"elementor-element elementor-element-18ae7e7 e-flex e-con-boxed e-con e-parent\" data-id=\"18ae7e7\" data-element_type=\"container\">\n\t\t\t\t\t<div class=\"e-con-inner\">\n\t\t\t\t<div class=\"elementor-element elementor-element-c6298c5 elementor-widget elementor-widget-text-editor\" data-id=\"c6298c5\" data-element_type=\"widget\" data-widget_type=\"text-editor.default\">\n\t\t\t\t<div class=\"elementor-widget-container\">\n\t\t\t\t\t\t\t\t\t<p><strong><em>Amiben t\u00e1mogatni tudlak: <\/em><\/strong><\/p><ul><li><em>Seg\u00edt\u0151 besz\u00e9lget\u00e9s (\u00faj \u00e9lethelyzet, k\u00f6lt\u00f6z\u00e9s,\u00a0<\/em><em style=\"background-color: transparent; text-align: var(--text-align);\">p\u00e1lyav\u00e1laszt\u00e1s, testv\u00e9r sz\u00fclet\u00e9se, sz\u00fcl\u0151k v\u00e1l\u00e1sa)<\/em><\/li><li><em>Stresszkezel\u00e9si probl\u00e9m\u00e1k<\/em><\/li><li><em>Kr\u00edzishelyzet kezel\u00e9s, (neh\u00e9z d\u00f6nt\u00e9si helyzet,\u00a0<\/em><em style=\"background-color: transparent; text-align: var(--text-align);\">\u00e9rzelmi t\u00faltel\u00edtetts\u00e9g, konfliktuskezel\u00e9s)<\/em><\/li><li><em>Beilleszked\u00e9si probl\u00e9m\u00e1k<\/em><\/li><li><em>\u00d6nismeret fejleszt\u00e9se<\/em><\/li><\/ul>\t\t\t\t\t\t\t\t<\/div>\n\t\t\t\t<\/div>\n\t\t\t\t<div class=\"elementor-element elementor-element-7522d4d elementor-widget elementor-widget-image\" data-id=\"7522d4d\" data-element_type=\"widget\" data-widget_type=\"image.default\">\n\t\t\t\t<div class=\"elementor-widget-container\">\n\t\t\t\t\t\t\t\t\t\t\t\t\t\t\t<img fetchpriority=\"high\" decoding=\"async\" width=\"768\" height=\"563\" src=\"https:\/\/fejleszto-tolna.hu\/wp-content\/uploads\/2025\/02\/clown-1291546_1280-768x563.jpg\" class=\"attachment-medium_large size-medium_large wp-image-510\" alt=\"\" srcset=\"https:\/\/fejleszto-tolna.hu\/wp-content\/uploads\/2025\/02\/clown-1291546_1280-768x563.jpg 768w, https:\/\/fejleszto-tolna.hu\/wp-content\/uploads\/2025\/02\/clown-1291546_1280-300x220.jpg 300w, https:\/\/fejleszto-tolna.hu\/wp-content\/uploads\/2025\/02\/clown-1291546_1280-1024x751.jpg 1024w, https:\/\/fejleszto-tolna.hu\/wp-content\/uploads\/2025\/02\/clown-1291546_1280.jpg 1280w\" sizes=\"(max-width: 768px) 100vw, 768px\" \/>\t\t\t\t\t\t\t\t\t\t\t\t\t\t\t<\/div>\n\t\t\t\t<\/div>\n\t\t\t\t\t<\/div>\n\t\t\t\t<\/div>\n\t\t<div class=\"elementor-element elementor-element-c3757ed e-flex e-con-boxed e-con e-parent\" data-id=\"c3757ed\" data-element_type=\"container\">\n\t\t\t\t\t<div class=\"e-con-inner\">\n\t\t\t\t\t<\/div>\n\t\t\t\t<\/div>\n\t\t\t\t<\/div>\n\t\t","protected":false},"excerpt":{"rendered":"<p>Menu F\u0151oldal Bemutatkoz\u00e1s Ment\u00e1lhigi\u00e9n\u00e9s tan\u00e1csad\u00e1s Fejleszt\u0151 foglalkoz\u00e1s El\u00e9rhet\u0151s\u00e9g\/Id\u0151pont foglal\u00e1s \u00c1rak Ment\u00e1lhigi\u00e9n\u00e9s tan\u00e1csad\u00e1s kamaszoknak Amiben t\u00e1mogatni tudlak: Seg\u00edt\u0151 besz\u00e9lget\u00e9s (\u00faj \u00e9lethelyzet, k\u00f6lt\u00f6z\u00e9s,\u00a0p\u00e1lyav\u00e1laszt\u00e1s, testv\u00e9r sz\u00fclet\u00e9se, sz\u00fcl\u0151k v\u00e1l\u00e1sa) Stresszkezel\u00e9si probl\u00e9m\u00e1k Kr\u00edzishelyzet kezel\u00e9s, (neh\u00e9z d\u00f6nt\u00e9si helyzet,\u00a0\u00e9rzelmi t\u00faltel\u00edtetts\u00e9g, konfliktuskezel\u00e9s) Beilleszked\u00e9si probl\u00e9m\u00e1k \u00d6nismeret fejleszt\u00e9se<\/p>\n","protected":false},"author":1,"featured_media":0,"parent":0,"menu_order":0,"comment_status":"closed","ping_status":"closed","template":"elementor_canvas","meta":{"_siteseo_robots_primary_cat":"","pagelayer_contact_templates":[],"_pagelayer_content":"","_monsterinsights_skip_tracking":false,"_monsterinsights_sitenote_active":false,"_monsterinsights_sitenote_note":"","_monsterinsights_sitenote_category":0,"footnotes":""},"class_list":["post-264","page","type-page","status-publish","hentry"],"yoast_head":"<!-- This site is optimized with the Yoast SEO plugin v24.0 - https:\/\/yoast.com\/wordpress\/plugins\/seo\/ -->\n<title>Ment\u00e1lhigi\u00e9n\u00e9s tan\u00e1csad\u00e1s - fejleszto-tolna<\/title>\n<meta name=\"robots\" content=\"index, follow, max-snippet:-1, max-image-preview:large, max-video-preview:-1\" \/>\n<link rel=\"canonical\" href=\"https:\/\/fejleszto-tolna.hu\/?page_id=264\" \/>\n<meta property=\"og:locale\" content=\"hu_HU\" \/>\n<meta property=\"og:type\" content=\"article\" \/>\n<meta property=\"og:title\" content=\"Ment\u00e1lhigi\u00e9n\u00e9s tan\u00e1csad\u00e1s - fejleszto-tolna\" \/>\n<meta property=\"og:description\" content=\"Menu F\u0151oldal Bemutatkoz\u00e1s Ment\u00e1lhigi\u00e9n\u00e9s tan\u00e1csad\u00e1s Fejleszt\u0151 foglalkoz\u00e1s El\u00e9rhet\u0151s\u00e9g\/Id\u0151pont foglal\u00e1s \u00c1rak Ment\u00e1lhigi\u00e9n\u00e9s tan\u00e1csad\u00e1s kamaszoknak Amiben t\u00e1mogatni tudlak: Seg\u00edt\u0151 besz\u00e9lget\u00e9s (\u00faj \u00e9lethelyzet, k\u00f6lt\u00f6z\u00e9s,\u00a0p\u00e1lyav\u00e1laszt\u00e1s, testv\u00e9r sz\u00fclet\u00e9se, sz\u00fcl\u0151k v\u00e1l\u00e1sa) Stresszkezel\u00e9si probl\u00e9m\u00e1k Kr\u00edzishelyzet kezel\u00e9s, (neh\u00e9z d\u00f6nt\u00e9si helyzet,\u00a0\u00e9rzelmi t\u00faltel\u00edtetts\u00e9g, konfliktuskezel\u00e9s) Beilleszked\u00e9si probl\u00e9m\u00e1k \u00d6nismeret fejleszt\u00e9se\" \/>\n<meta property=\"og:url\" content=\"https:\/\/fejleszto-tolna.hu\/?page_id=264\" \/>\n<meta property=\"og:site_name\" content=\"fejleszto-tolna\" \/>\n<meta property=\"article:modified_time\" content=\"2025-02-22T16:20:54+00:00\" \/>\n<meta property=\"og:image\" content=\"https:\/\/fejleszto-tolna.hu\/wp-content\/uploads\/2025\/02\/cropped-Logo-1nagy-150x150.jpg\" \/>\n<meta name=\"twitter:card\" content=\"summary_large_image\" \/>\n<meta name=\"twitter:label1\" content=\"Becs\u00fclt olvas\u00e1si id\u0151\" \/>\n\t<meta name=\"twitter:data1\" content=\"1 perc\" \/>\n<script type=\"application\/ld+json\" class=\"yoast-schema-graph\">{\"@context\":\"https:\/\/schema.org\",\"@graph\":[{\"@type\":\"WebPage\",\"@id\":\"https:\/\/fejleszto-tolna.hu\/?page_id=264\",\"url\":\"https:\/\/fejleszto-tolna.hu\/?page_id=264\",\"name\":\"Ment\u00e1lhigi\u00e9n\u00e9s tan\u00e1csad\u00e1s - fejleszto-tolna\",\"isPartOf\":{\"@id\":\"https:\/\/fejleszto-tolna.hu\/#website\"},\"primaryImageOfPage\":{\"@id\":\"https:\/\/fejleszto-tolna.hu\/?page_id=264#primaryimage\"},\"image\":{\"@id\":\"https:\/\/fejleszto-tolna.hu\/?page_id=264#primaryimage\"},\"thumbnailUrl\":\"https:\/\/fejleszto-tolna.hu\/wp-content\/uploads\/2025\/02\/cropped-Logo-1nagy-150x150.jpg\",\"datePublished\":\"2025-02-19T15:05:50+00:00\",\"dateModified\":\"2025-02-22T16:20:54+00:00\",\"breadcrumb\":{\"@id\":\"https:\/\/fejleszto-tolna.hu\/?page_id=264#breadcrumb\"},\"inLanguage\":\"hu\",\"potentialAction\":[{\"@type\":\"ReadAction\",\"target\":[\"https:\/\/fejleszto-tolna.hu\/?page_id=264\"]}]},{\"@type\":\"ImageObject\",\"inLanguage\":\"hu\",\"@id\":\"https:\/\/fejleszto-tolna.hu\/?page_id=264#primaryimage\",\"url\":\"https:\/\/fejleszto-tolna.hu\/wp-content\/uploads\/2025\/02\/cropped-Logo-1nagy.jpg\",\"contentUrl\":\"https:\/\/fejleszto-tolna.hu\/wp-content\/uploads\/2025\/02\/cropped-Logo-1nagy.jpg\",\"width\":512,\"height\":512},{\"@type\":\"BreadcrumbList\",\"@id\":\"https:\/\/fejleszto-tolna.hu\/?page_id=264#breadcrumb\",\"itemListElement\":[{\"@type\":\"ListItem\",\"position\":1,\"name\":\"Home\",\"item\":\"https:\/\/fejleszto-tolna.hu\/\"},{\"@type\":\"ListItem\",\"position\":2,\"name\":\"Ment\u00e1lhigi\u00e9n\u00e9s tan\u00e1csad\u00e1s\"}]},{\"@type\":\"WebSite\",\"@id\":\"https:\/\/fejleszto-tolna.hu\/#website\",\"url\":\"https:\/\/fejleszto-tolna.hu\/\",\"name\":\"fejleszto-tolna\",\"description\":\"fejleszto-tolna\",\"potentialAction\":[{\"@type\":\"SearchAction\",\"target\":{\"@type\":\"EntryPoint\",\"urlTemplate\":\"https:\/\/fejleszto-tolna.hu\/?s={search_term_string}\"},\"query-input\":{\"@type\":\"PropertyValueSpecification\",\"valueRequired\":true,\"valueName\":\"search_term_string\"}}],\"inLanguage\":\"hu\"}]}<\/script>\n<!-- \/ Yoast SEO plugin. -->","yoast_head_json":{"title":"Ment\u00e1lhigi\u00e9n\u00e9s tan\u00e1csad\u00e1s - fejleszto-tolna","robots":{"index":"index","follow":"follow","max-snippet":"max-snippet:-1","max-image-preview":"max-image-preview:large","max-video-preview":"max-video-preview:-1"},"canonical":"https:\/\/fejleszto-tolna.hu\/?page_id=264","og_locale":"hu_HU","og_type":"article","og_title":"Ment\u00e1lhigi\u00e9n\u00e9s tan\u00e1csad\u00e1s - fejleszto-tolna","og_description":"Menu F\u0151oldal Bemutatkoz\u00e1s Ment\u00e1lhigi\u00e9n\u00e9s tan\u00e1csad\u00e1s Fejleszt\u0151 foglalkoz\u00e1s El\u00e9rhet\u0151s\u00e9g\/Id\u0151pont foglal\u00e1s \u00c1rak Ment\u00e1lhigi\u00e9n\u00e9s tan\u00e1csad\u00e1s kamaszoknak Amiben t\u00e1mogatni tudlak: Seg\u00edt\u0151 besz\u00e9lget\u00e9s (\u00faj \u00e9lethelyzet, k\u00f6lt\u00f6z\u00e9s,\u00a0p\u00e1lyav\u00e1laszt\u00e1s, testv\u00e9r sz\u00fclet\u00e9se, sz\u00fcl\u0151k v\u00e1l\u00e1sa) Stresszkezel\u00e9si probl\u00e9m\u00e1k Kr\u00edzishelyzet kezel\u00e9s, (neh\u00e9z d\u00f6nt\u00e9si helyzet,\u00a0\u00e9rzelmi t\u00faltel\u00edtetts\u00e9g, konfliktuskezel\u00e9s) Beilleszked\u00e9si probl\u00e9m\u00e1k \u00d6nismeret fejleszt\u00e9se","og_url":"https:\/\/fejleszto-tolna.hu\/?page_id=264","og_site_name":"fejleszto-tolna","article_modified_time":"2025-02-22T16:20:54+00:00","og_image":[{"url":"https:\/\/fejleszto-tolna.hu\/wp-content\/uploads\/2025\/02\/cropped-Logo-1nagy-150x150.jpg","type":"","width":"","height":""}],"twitter_card":"summary_large_image","twitter_misc":{"Becs\u00fclt olvas\u00e1si id\u0151":"1 perc"},"schema":{"@context":"https:\/\/schema.org","@graph":[{"@type":"WebPage","@id":"https:\/\/fejleszto-tolna.hu\/?page_id=264","url":"https:\/\/fejleszto-tolna.hu\/?page_id=264","name":"Ment\u00e1lhigi\u00e9n\u00e9s tan\u00e1csad\u00e1s - fejleszto-tolna","isPartOf":{"@id":"https:\/\/fejleszto-tolna.hu\/#website"},"primaryImageOfPage":{"@id":"https:\/\/fejleszto-tolna.hu\/?page_id=264#primaryimage"},"image":{"@id":"https:\/\/fejleszto-tolna.hu\/?page_id=264#primaryimage"},"thumbnailUrl":"https:\/\/fejleszto-tolna.hu\/wp-content\/uploads\/2025\/02\/cropped-Logo-1nagy-150x150.jpg","datePublished":"2025-02-19T15:05:50+00:00","dateModified":"2025-02-22T16:20:54+00:00","breadcrumb":{"@id":"https:\/\/fejleszto-tolna.hu\/?page_id=264#breadcrumb"},"inLanguage":"hu","potentialAction":[{"@type":"ReadAction","target":["https:\/\/fejleszto-tolna.hu\/?page_id=264"]}]},{"@type":"ImageObject","inLanguage":"hu","@id":"https:\/\/fejleszto-tolna.hu\/?page_id=264#primaryimage","url":"https:\/\/fejleszto-tolna.hu\/wp-content\/uploads\/2025\/02\/cropped-Logo-1nagy.jpg","contentUrl":"https:\/\/fejleszto-tolna.hu\/wp-content\/uploads\/2025\/02\/cropped-Logo-1nagy.jpg","width":512,"height":512},{"@type":"BreadcrumbList","@id":"https:\/\/fejleszto-tolna.hu\/?page_id=264#breadcrumb","itemListElement":[{"@type":"ListItem","position":1,"name":"Home","item":"https:\/\/fejleszto-tolna.hu\/"},{"@type":"ListItem","position":2,"name":"Ment\u00e1lhigi\u00e9n\u00e9s tan\u00e1csad\u00e1s"}]},{"@type":"WebSite","@id":"https:\/\/fejleszto-tolna.hu\/#website","url":"https:\/\/fejleszto-tolna.hu\/","name":"fejleszto-tolna","description":"fejleszto-tolna","potentialAction":[{"@type":"SearchAction","target":{"@type":"EntryPoint","urlTemplate":"https:\/\/fejleszto-tolna.hu\/?s={search_term_string}"},"query-input":{"@type":"PropertyValueSpecification","valueRequired":true,"valueName":"search_term_string"}}],"inLanguage":"hu"}]}},"_links":{"self":[{"href":"https:\/\/fejleszto-tolna.hu\/index.php?rest_route=\/wp\/v2\/pages\/264","targetHints":{"allow":["GET"]}}],"collection":[{"href":"https:\/\/fejleszto-tolna.hu\/index.php?rest_route=\/wp\/v2\/pages"}],"about":[{"href":"https:\/\/fejleszto-tolna.hu\/index.php?rest_route=\/wp\/v2\/types\/page"}],"author":[{"embeddable":true,"href":"https:\/\/fejleszto-tolna.hu\/index.php?rest_route=\/wp\/v2\/users\/1"}],"replies":[{"embeddable":true,"href":"https:\/\/fejleszto-tolna.hu\/index.php?rest_route=%2Fwp%2Fv2%2Fcomments&post=264"}],"version-history":[{"count":50,"href":"https:\/\/fejleszto-tolna.hu\/index.php?rest_route=\/wp\/v2\/pages\/264\/revisions"}],"predecessor-version":[{"id":585,"href":"https:\/\/fejleszto-tolna.hu\/index.php?rest_route=\/wp\/v2\/pages\/264\/revisions\/585"}],"wp:attachment":[{"href":"https:\/\/fejleszto-tolna.hu\/index.php?rest_route=%2Fwp%2Fv2%2Fmedia&parent=264"}],"curies":[{"name":"wp","href":"https:\/\/api.w.org\/{rel}","templated":true}]}}