{"id":674,"date":"2025-09-23T12:16:38","date_gmt":"2025-09-23T13:16:38","guid":{"rendered":"https:\/\/fejleszto-tolna.hu\/?page_id=674"},"modified":"2025-09-23T12:53:56","modified_gmt":"2025-09-23T13:53:56","slug":"letoltheto-feladatlapok","status":"publish","type":"page","link":"https:\/\/fejleszto-tolna.hu\/?page_id=674","title":{"rendered":"Let\u00f6lthet\u0151 feladatlapok"},"content":{"rendered":"\n<div class=\"wp-block-media-text is-stacked-on-mobile\" style=\"grid-template-columns:15% auto\"><figure class=\"wp-block-media-text__media\"><\/figure><div class=\"wp-block-media-text__content\">\n<p>Ma k\u00e9t kritikus gondolkod\u00e1st fejleszt\u0151 feladatlapot szeretn\u00e9k megosztani kedvenc oldalamr\u00f3l. Az els\u0151 egy 4-5-6 illetve egy kis \u00e1talak\u00edt\u00e1ssal ak\u00e1r 14-15 \u00e9veseknek sz\u00f3l. Itt m\u00e1r igaz\u00e1n &#8222;dolgoztatni&#8221; kell az esz\u00e9t a gyereknek. A feladat, p\u00e1rkeres\u00e9s. A lap tetej\u00e9n a seg\u00edts\u00e9g mutatja, hogy a sz\u00edneket be kell helyettes\u00edteni, \u00e9s \u00fagy megkeresni a p\u00e1rokat. Nagyokkal is lehet j\u00e1tszani, csak akkor v\u00e1gjuk le a seg\u00edts\u00e9get, sz\u00f3ban mondjuk el, vagy pr\u00f3b\u00e1ljanak r\u00e1j\u00f6nni magukt\u00f3l a szab\u00e1lyra.<\/p>\n\n\n\n<p>A m\u00e1sik 2-3 \u00e9veseknek sz\u00f3l\u00f3 feladatlap. Itt a gyermeknek a kock\u00e1val kidobott levelet kell felragasztania a f\u00e1ra. A szab\u00e1ly csak annyi, hogy azt a a levelet kell kiv\u00e1lasztani \u00e9s felragasztani amit dobott a dob\u00f3kock\u00e1val. ( Egy kis szab\u00e1lyk\u00f6vet\u00e9s, k\u00f6vetkezetess\u00e9g soha nem \u00e1rt) De mivel nagyon t\u00e1mogatom a kreativit\u00e1st azt, hogy hova ragassza teljesen r\u00e1 b\u00edzom. Azt is, hogy mennyit ragaszt. Van akinek nincs t\u00fcrelme csak t\u00f6bb alkalom ut\u00e1n lesz k\u00e9sz a fa, de van aki kitart\u00f3, \u00e9s minden falevelet szeretne felragasztani. Seg\u00edthetj\u00fck a gyermek siker\u00e9lm\u00e9ny\u00e9t, hogy egy alkalommal csak egy meghat\u00e1rozott sz\u00e1m\u00fa levelet tesz\u00fcnk el\u00e9, mivel kicsikkel dolgozunk sz\u00e1m\u00edt\u00e1sba kell venni, hogy hamar elf\u00e1radnak.<br><br><\/p>\n\n\n\n<p><\/p>\n\n\n\n<div data-wp-interactive=\"core\/file\" class=\"wp-block-file\"><object data-wp-bind--hidden=\"!state.hasPdfPreview\" hidden class=\"wp-block-file__embed\" data=\"https:\/\/fejleszto-tolna.hu\/wp-content\/uploads\/2025\/09\/szincsere-4_5-ev.pdf\" type=\"application\/pdf\" style=\"width:100%;height:600px\" aria-label=\"sz\u00edncsere 4_5 \u00e9v be\u00e1gyaz\u00e1sa\"><\/object><a id=\"wp-block-file--media-01d609dd-96c2-4e5a-9b4d-ab3b2c4f13a4\" href=\"https:\/\/fejleszto-tolna.hu\/wp-content\/uploads\/2025\/09\/szincsere-4_5-ev.pdf\">sz\u00edncsere 4_5 \u00e9v<\/a><a href=\"https:\/\/fejleszto-tolna.hu\/wp-content\/uploads\/2025\/09\/szincsere-4_5-ev.pdf\" class=\"wp-block-file__button wp-element-button\" download aria-describedby=\"wp-block-file--media-01d609dd-96c2-4e5a-9b4d-ab3b2c4f13a4\">Let\u00f6lt\u00e9s<\/a><\/div>\n\n\n\n<div data-wp-interactive=\"core\/file\" class=\"wp-block-file\"><object data-wp-bind--hidden=\"!state.hasPdfPreview\" hidden class=\"wp-block-file__embed\" data=\"https:\/\/fejleszto-tolna.hu\/wp-content\/uploads\/2025\/09\/levelek-2-ev-1.pdf\" type=\"application\/pdf\" style=\"width:100%;height:600px\" aria-label=\"levelek 2 \u00e9v be\u00e1gyaz\u00e1sa\"><\/object><a id=\"wp-block-file--media-b5d513f3-d811-4b46-b11d-d82d05cc7d5c\" href=\"https:\/\/fejleszto-tolna.hu\/wp-content\/uploads\/2025\/09\/levelek-2-ev-1.pdf\">levelek 2 \u00e9v<\/a><a href=\"https:\/\/fejleszto-tolna.hu\/wp-content\/uploads\/2025\/09\/levelek-2-ev-1.pdf\" class=\"wp-block-file__button wp-element-button\" download aria-describedby=\"wp-block-file--media-b5d513f3-d811-4b46-b11d-d82d05cc7d5c\">Let\u00f6lt\u00e9s<\/a><\/div>\n<\/div><\/div>\n","protected":false},"excerpt":{"rendered":"","protected":false},"author":1,"featured_media":0,"parent":0,"menu_order":0,"comment_status":"closed","ping_status":"closed","template":"","meta":{"_siteseo_robots_primary_cat":"","pagelayer_contact_templates":[],"_pagelayer_content":"","_monsterinsights_skip_tracking":false,"_monsterinsights_sitenote_active":false,"_monsterinsights_sitenote_note":"","_monsterinsights_sitenote_category":0,"footnotes":""},"class_list":["post-674","page","type-page","status-publish","hentry"],"yoast_head":"<!-- This site is optimized with the Yoast SEO plugin v24.0 - https:\/\/yoast.com\/wordpress\/plugins\/seo\/ -->\n<title>Let\u00f6lthet\u0151 feladatlapok - fejleszto-tolna<\/title>\n<meta name=\"robots\" content=\"index, follow, max-snippet:-1, max-image-preview:large, max-video-preview:-1\" \/>\n<link rel=\"canonical\" href=\"https:\/\/fejleszto-tolna.hu\/?page_id=674\" \/>\n<meta property=\"og:locale\" content=\"hu_HU\" \/>\n<meta property=\"og:type\" content=\"article\" \/>\n<meta property=\"og:title\" content=\"Let\u00f6lthet\u0151 feladatlapok - fejleszto-tolna\" \/>\n<meta property=\"og:url\" content=\"https:\/\/fejleszto-tolna.hu\/?page_id=674\" \/>\n<meta property=\"og:site_name\" content=\"fejleszto-tolna\" \/>\n<meta property=\"article:modified_time\" content=\"2025-09-23T13:53:56+00:00\" \/>\n<meta name=\"twitter:card\" content=\"summary_large_image\" \/>\n<meta name=\"twitter:label1\" content=\"Becs\u00fclt olvas\u00e1si id\u0151\" \/>\n\t<meta name=\"twitter:data1\" content=\"1 perc\" \/>\n<script type=\"application\/ld+json\" class=\"yoast-schema-graph\">{\"@context\":\"https:\/\/schema.org\",\"@graph\":[{\"@type\":\"WebPage\",\"@id\":\"https:\/\/fejleszto-tolna.hu\/?page_id=674\",\"url\":\"https:\/\/fejleszto-tolna.hu\/?page_id=674\",\"name\":\"Let\u00f6lthet\u0151 feladatlapok - fejleszto-tolna\",\"isPartOf\":{\"@id\":\"https:\/\/fejleszto-tolna.hu\/#website\"},\"datePublished\":\"2025-09-23T13:16:38+00:00\",\"dateModified\":\"2025-09-23T13:53:56+00:00\",\"breadcrumb\":{\"@id\":\"https:\/\/fejleszto-tolna.hu\/?page_id=674#breadcrumb\"},\"inLanguage\":\"hu\",\"potentialAction\":[{\"@type\":\"ReadAction\",\"target\":[\"https:\/\/fejleszto-tolna.hu\/?page_id=674\"]}]},{\"@type\":\"BreadcrumbList\",\"@id\":\"https:\/\/fejleszto-tolna.hu\/?page_id=674#breadcrumb\",\"itemListElement\":[{\"@type\":\"ListItem\",\"position\":1,\"name\":\"Home\",\"item\":\"https:\/\/fejleszto-tolna.hu\/\"},{\"@type\":\"ListItem\",\"position\":2,\"name\":\"Let\u00f6lthet\u0151 feladatlapok\"}]},{\"@type\":\"WebSite\",\"@id\":\"https:\/\/fejleszto-tolna.hu\/#website\",\"url\":\"https:\/\/fejleszto-tolna.hu\/\",\"name\":\"fejleszto-tolna\",\"description\":\"fejleszto-tolna\",\"potentialAction\":[{\"@type\":\"SearchAction\",\"target\":{\"@type\":\"EntryPoint\",\"urlTemplate\":\"https:\/\/fejleszto-tolna.hu\/?s={search_term_string}\"},\"query-input\":{\"@type\":\"PropertyValueSpecification\",\"valueRequired\":true,\"valueName\":\"search_term_string\"}}],\"inLanguage\":\"hu\"}]}<\/script>\n<!-- \/ Yoast SEO plugin. -->","yoast_head_json":{"title":"Let\u00f6lthet\u0151 feladatlapok - fejleszto-tolna","robots":{"index":"index","follow":"follow","max-snippet":"max-snippet:-1","max-image-preview":"max-image-preview:large","max-video-preview":"max-video-preview:-1"},"canonical":"https:\/\/fejleszto-tolna.hu\/?page_id=674","og_locale":"hu_HU","og_type":"article","og_title":"Let\u00f6lthet\u0151 feladatlapok - fejleszto-tolna","og_url":"https:\/\/fejleszto-tolna.hu\/?page_id=674","og_site_name":"fejleszto-tolna","article_modified_time":"2025-09-23T13:53:56+00:00","twitter_card":"summary_large_image","twitter_misc":{"Becs\u00fclt olvas\u00e1si id\u0151":"1 perc"},"schema":{"@context":"https:\/\/schema.org","@graph":[{"@type":"WebPage","@id":"https:\/\/fejleszto-tolna.hu\/?page_id=674","url":"https:\/\/fejleszto-tolna.hu\/?page_id=674","name":"Let\u00f6lthet\u0151 feladatlapok - fejleszto-tolna","isPartOf":{"@id":"https:\/\/fejleszto-tolna.hu\/#website"},"datePublished":"2025-09-23T13:16:38+00:00","dateModified":"2025-09-23T13:53:56+00:00","breadcrumb":{"@id":"https:\/\/fejleszto-tolna.hu\/?page_id=674#breadcrumb"},"inLanguage":"hu","potentialAction":[{"@type":"ReadAction","target":["https:\/\/fejleszto-tolna.hu\/?page_id=674"]}]},{"@type":"BreadcrumbList","@id":"https:\/\/fejleszto-tolna.hu\/?page_id=674#breadcrumb","itemListElement":[{"@type":"ListItem","position":1,"name":"Home","item":"https:\/\/fejleszto-tolna.hu\/"},{"@type":"ListItem","position":2,"name":"Let\u00f6lthet\u0151 feladatlapok"}]},{"@type":"WebSite","@id":"https:\/\/fejleszto-tolna.hu\/#website","url":"https:\/\/fejleszto-tolna.hu\/","name":"fejleszto-tolna","description":"fejleszto-tolna","potentialAction":[{"@type":"SearchAction","target":{"@type":"EntryPoint","urlTemplate":"https:\/\/fejleszto-tolna.hu\/?s={search_term_string}"},"query-input":{"@type":"PropertyValueSpecification","valueRequired":true,"valueName":"search_term_string"}}],"inLanguage":"hu"}]}},"_links":{"self":[{"href":"https:\/\/fejleszto-tolna.hu\/index.php?rest_route=\/wp\/v2\/pages\/674","targetHints":{"allow":["GET"]}}],"collection":[{"href":"https:\/\/fejleszto-tolna.hu\/index.php?rest_route=\/wp\/v2\/pages"}],"about":[{"href":"https:\/\/fejleszto-tolna.hu\/index.php?rest_route=\/wp\/v2\/types\/page"}],"author":[{"embeddable":true,"href":"https:\/\/fejleszto-tolna.hu\/index.php?rest_route=\/wp\/v2\/users\/1"}],"replies":[{"embeddable":true,"href":"https:\/\/fejleszto-tolna.hu\/index.php?rest_route=%2Fwp%2Fv2%2Fcomments&post=674"}],"version-history":[{"count":2,"href":"https:\/\/fejleszto-tolna.hu\/index.php?rest_route=\/wp\/v2\/pages\/674\/revisions"}],"predecessor-version":[{"id":682,"href":"https:\/\/fejleszto-tolna.hu\/index.php?rest_route=\/wp\/v2\/pages\/674\/revisions\/682"}],"wp:attachment":[{"href":"https:\/\/fejleszto-tolna.hu\/index.php?rest_route=%2Fwp%2Fv2%2Fmedia&parent=674"}],"curies":[{"name":"wp","href":"https:\/\/api.w.org\/{rel}","templated":true}]}}